{"id":172,"date":"2023-01-27T17:26:40","date_gmt":"2023-01-27T17:26:28","guid":{"rendered":"https:\/\/hugues-brat.ch\/publications-4\/"},"modified":"2023-09-05T05:28:29","modified_gmt":"2023-09-05T05:28:29","slug":"posters-exhibits","status":"publish","type":"page","link":"https:\/\/hugues-brat.ch\/en\/ressources\/posters-exhibits\/","title":{"rendered":"Posters &#038; Exhibits"},"content":{"rendered":"<p>[et_pb_section fb_built=&#8221;1&#8243; admin_label=&#8221;Header&#8221; _builder_version=&#8221;4.22.1&#8243; _module_preset=&#8221;014e8a19-e138-4989-8094-1b00d3baafa2&#8243; global_colors_info=&#8221;{}&#8221; theme_builder_area=&#8221;post_content&#8221; hover_enabled=&#8221;0&#8243; sticky_enabled=&#8221;0&#8243;][et_pb_row _builder_version=&#8221;4.19.5&#8243; _module_preset=&#8221;default&#8221; global_colors_info=&#8221;{}&#8221; theme_builder_area=&#8221;post_content&#8221;][et_pb_column type=&#8221;4_4&#8243; _builder_version=&#8221;4.19.5&#8243; _module_preset=&#8221;default&#8221; global_colors_info=&#8221;{}&#8221; theme_builder_area=&#8221;post_content&#8221;][et_pb_text _builder_version=&#8221;4.19.5&#8243; _dynamic_attributes=&#8221;content&#8221; _module_preset=&#8221;eec9327d-1b46-4117-82f7-d7b840a6efec&#8221; global_colors_info=&#8221;{}&#8221; theme_builder_area=&#8221;post_content&#8221;]@ET-DC@eyJkeW5hbWljIjp0cnVlLCJjb250ZW50IjoicG9zdF90aXRsZSIsInNldHRpbmdzIjp7ImJlZm9yZSI6IjxoMT4iLCJhZnRlciI6IjwvaDE+In19@[\/et_pb_text][\/et_pb_column][\/et_pb_row][\/et_pb_section][et_pb_section fb_built=&#8221;1&#8243; admin_label=&#8221;section&#8221; _builder_version=&#8221;4.16&#8243; locked=&#8221;off&#8221; global_colors_info=&#8221;{}&#8221; theme_builder_area=&#8221;post_content&#8221;][et_pb_row admin_label=&#8221;row&#8221; _builder_version=&#8221;4.16&#8243; global_colors_info=&#8221;{}&#8221; theme_builder_area=&#8221;post_content&#8221;][et_pb_column type=&#8221;4_4&#8243; _builder_version=&#8221;4.16&#8243; custom_padding=&#8221;|||&#8221; global_colors_info=&#8221;{}&#8221; custom_padding__hover=&#8221;|||&#8221; theme_builder_area=&#8221;post_content&#8221;][et_pb_text _builder_version=&#8221;4.20.0&#8243; _module_preset=&#8221;_initial&#8221; global_colors_info=&#8221;{}&#8221; theme_builder_area=&#8221;post_content&#8221;]<\/p>\n<h2><strong>Posters<\/strong><\/h2>\n<ul>\n<li><strong>Int\u00e9r\u00eat de la fluoroscopie multicoupe sous CT dans le traitement des conflits disco- radiculaires par nucl\u00e9otomie percutan\u00e9e au laser (poster)<\/strong>. JFR, Paris, France, October 2003<\/li>\n<li><strong>Nucl\u00e9otomie percutan\u00e9e par laser sous guidage CT: \u00e9valuation prospective clinique<\/strong>. JFR, Paris, France, October 2003<\/li>\n<li><strong>Evaluation prospective de l\u2019imagerie des protrusions discales apr\u00e8s nucl\u00e9otomie percutan\u00e9e au laser: r\u00e9sultats pr\u00e9liminaires<\/strong>. JFR, Paris, France, October 2003<\/li>\n<li><strong>CT guided therapeutic spine interventions<\/strong>, European Congress of Radiology, Vienna, Austria, March 2005<\/li>\n<li><strong>Vertebroplasty with volumetric CT guidance: speed, precision and clinical efficacy<\/strong>, European Congress of Radiology, Vienna, Austria, March 2005<\/li>\n<li><strong>Benefits of triple slice CT fluoroscopic needle guidance in percutaneous laser disc decompression<\/strong>, European Congress of Radiology, Vienna, Austria, March 2005<\/li>\n<li><strong>Changes in disc herniations after CT guided percutaneous laser disc decompression (PLDD)<\/strong>, European Congress of Radiology, Vienna, Austria, March 2005<\/li>\n<li><strong>Cimentoplastie des fractures vert\u00e9brales synth\u00e9s\u00e9es<\/strong>. T. Bouziane, H. Brat. JFR, Paris, France, October 2005<\/li>\n<li><strong>Vert\u00e9broplastie avec guidage volumique sous fluoro-CT: pr\u00e9cision, s\u00e9curit\u00e9, rapidit\u00e9 et efficacit\u00e9 clinique<\/strong>. JFR, Paris, France, October 2005<\/li>\n<li><strong>Imagerie Interventionnelle du Rachis, une alternative \u00e0 la chirurgie<\/strong>, T. Bouziane, H. Brat. JFR, Paris, France, October 2005<\/li>\n<li><strong>Physician radiation protection during CT-Fluoroscopy guided interventions. Prospective bicentric study on 160 patients<\/strong>. CIRSE, Athens, Greece, September 2007<\/li>\n<li><strong>Volumetric real-time CT fluoroscopy-guided vertebroplasty<\/strong>, CIRSE, Athens, Greece, September 2007<\/li>\n<li><strong>CT fluoroscopy guided therapeutic spine interventions: offline tutorial<\/strong>, CIRSE, Athens, Greece, September 2007<\/li>\n<li><strong>Thoracic Neurolysis for palmar hyperhydrosis, International Congress of Radiology<\/strong>, Marrakech, Marocco, June 2008<\/li>\n<li><strong>Epidural or not epidural infiltration<\/strong>, CIRSE, Copenhagen, Denmark, September 2008<\/li>\n<li><strong>PLDD (Percutaneous Laser Disc Decompression): a tutorial<\/strong>, CIRSE, Copenhagen, Denmark, September 2008<\/li>\n<li><strong>Radiation protection in CT-Fluoroscopy. Prospective bicentric study on 160 patients<\/strong>. RSNA, Chicago, USA, December 2008<\/li>\n<li><strong>Spinal Imaging evolution after placement of an Aperius\u00ae percutaneous interspinous spacer using a positional MRI in 17 patients<\/strong>. CIRSE, Munich, Germany, September 2011<\/li>\n<li><strong>\u00a0Imaging of Aperius percutaneous spacer: what should you look at?<\/strong> CIRSE, Munich, Germany, September 2011<\/li>\n<li><strong>Chaines musculaires pelvi-rachidiennes<\/strong>. JFR, Paris, France, October 2011<\/li>\n<li><strong>Evolution de l\u2019imagerie positionnelle lombaire apr\u00e8s placement d\u2019un dispositif inter\u00e9pineux chez 17 patients<\/strong>. JFR, Paris, France, October 2011<\/li>\n<li><strong>Imagerie du dispositif inter\u00e9pineux Aperius<\/strong> : tutorat. JFR, Paris, France, October 2011<\/li>\n<li><strong>Imaging evolution of Aperius\u00ae percutaenous interspinous spacer correlated to clinical outcome in a 1 year \/ 5 time points single arm multicentric prospective study on 157 patients<\/strong>. RSNA, Chicago, USA, December 2011<\/li>\n<li><strong>Chaines musculaires pelvi-rachidiennes<\/strong>. Clinique du dos AXIS, CHHF, February 2012<\/li>\n<li><strong>Imagerie du dispositif inter\u00e9pineux Aperius<\/strong>. Clinique du dos AXIS, CHHF, March 2012<\/li>\n<li><strong>Top 5 craniocervical pain clinical diagnosis: evidence-based interventional management<\/strong>. Swiss Congress of Radiology, Zermatt, 2016<\/li>\n<li><strong>Top 5 lumbosacral pain clinical diagnosis: evidence-based interventional management<\/strong>. Swiss Congress of Radiology, Zermatt, 2016<\/li>\n<li><strong>Top 10 spine-related pain clinical diagnosis<\/strong>, CIRSE, Barcelona, 2016<\/li>\n<li><strong>Traitement de la douleur d\u2019origine rachidienne: algorithmes, niveaux de preuve et recommandations<\/strong>, JFR, Paris, 2016<\/li>\n<li><strong>Spine-related interventional pain treatments: an update of evidence-based levels, guidelines and recommendations, IASP World congress on pain<\/strong>, Yokohama, 2016<\/li>\n<li><strong>Prospective multicenter study on DRLs comparison according to clinical indication and anatomical region: intermediate results<\/strong>, ECR, Vienna, 2017<\/li>\n<li><strong>Indication based CT: the right dose for the right diagnosis. Prospective multicenter study<\/strong>. Swiss Congress of Radiology, Bern, 2017<\/li>\n<li><strong>Structured standardized reports: clarity, accuracy, reproducibility and quality<\/strong>. ECR, Vienna, 2018<\/li>\n<li><strong>Multicenter implementation of a CT scanner dose excellence program based on clinical indication, BMI and diagnostic image quality assessment<\/strong>. Eurosafe Imaging. ECR, Vienna, 2018<\/li>\n<li><strong>Contrast volume reduction related to image quality for abdomen CT examinations, using measured lean body weight. Preliminary results of a prospective multicentric study<\/strong>. RSNA, Chicago 2018<\/li>\n<li><strong>Clinical Diagnostic Reference Levels for CT examinations: a prospective multicenter study<\/strong>. ECR, Vienna, 2019<\/li>\n<li><strong>Robustness of local clinical DRLs for CT scanner in a multicentre setting compared to the new Swiss national DRLs<\/strong>. ECR, Vienna, 2019<\/li>\n<li><strong>Influence of BMI on clinical DRLs for CT examinations: a prospective multicenter study after protocol harmonization and optimization<\/strong>. ECR, Vienna, 2019<\/li>\n<li><strong>Methodology to determine clinical DRLs in a multicentre setting: must-haves and pitfalls<\/strong>. ECR, Vienna, 2019<\/li>\n<li><strong>Optimisation du volume de produit de contraste intraveineux en utilisant la masse maigre du patient<\/strong>. JFR, Paris, 2019<\/li>\n<li><strong>Impact de l\u2019IMC sur les NRD dans les protocoles tomodensitom\u00e9triques par indication clinique<\/strong>. JFR, Paris, 2019<\/li>\n<li><strong>Size-based clinical DRLs in chest and abdomen examinations: comparison between SSDE and CTDIvol metrics<\/strong>, ECR, Vienna, 2020<\/li>\n<li><strong>Generalizability and validation assessments of anterior cruciate ligament localizer and tear detector AI-models<\/strong>, ECR, Vienna, 2020<\/li>\n<li><strong>Low contrast liver lesion detectability and image texture: comparison between filtered back projection, iterative and deep learning algorithms<\/strong>, RSNA, Chicago, 2020<\/li>\n<li><strong>Appropriateness of size-specific dose estimates or CTDIvol as metric for clinical diagnostic reference levels: a study in adult chest and abdomen CT examinations<\/strong>, RSNA, Chicago, 2020<\/li>\n<li><strong>Liver enhancement optimization and reproducibility according to fat free mass, iodine concentration and kV: a prospective multicenter \/ multivendor study<\/strong>, RSNA, Chicago, 2020<\/li>\n<li><strong>Your well being on the go<\/strong>, ECR, Vienna, 2021<\/li>\n<li><strong>Optimized liver parenchymal enhancement with minimal contrast agent dose<\/strong>, ECR, Vienna, 2021<\/li>\n<li>\u00a0<strong>The effect of deep learning reconstruction on image quality in focal liver lesion detection : a phantom study<\/strong>, ECR, Vienna, 2021<\/li>\n<\/ul>\n<p>[\/et_pb_text][et_pb_text _builder_version=&#8221;4.21.0&#8243; _module_preset=&#8221;_initial&#8221; global_colors_info=&#8221;{}&#8221; theme_builder_area=&#8221;post_content&#8221;]<\/p>\n<h2><strong>Education Exhibit<\/strong><\/h2>\n<ul>\n<li><strong>Therapeutic Spine Interventions<\/strong>, European Congress of Radiology, Vienna, Austria, March 2005<\/li>\n<li><strong>CT-guided therapeutic spine interventions<\/strong>, RSNA, Chicago, USA, December 2005<\/li>\n<li><strong>Tips &amp; Tricks in CT Fluoroscopy spine interventions<\/strong>, RSNA, Chicago, USA, December 2006<\/li>\n<li><strong>CT fluoroscopy guided percutaneous laser disc decompression<\/strong>, RSNA, Chicago, USA, December 2006<\/li>\n<li><strong>CT fluoroscopy.com: On-line webteaching<\/strong>, RSNA, Chicago, USA, December 2006<\/li>\n<li><strong>Facet joint syndrome: the role of the radiologist<\/strong>, European Congress of Radiology, Vienna, Mars 2014<\/li>\n<li><strong>Facet joint syndrome: from diagnosis to treatment<\/strong>, CIRSE, Munich, Germany, 2014<\/li>\n<li><strong>Le syndrome facettaire, du diagnostic au traitement par le radiologue<\/strong>, JFR, France 2014<\/li>\n<li><strong>Facet joint syndrome: a comprehensive approach<\/strong>, RSNA, Chicago, USA, 2014<\/li>\n<li><strong>Evidence-based levels, guidelines and recommendations in interventional spine treatments according to clinical diagnosis<\/strong>, RSNA, Chicago, USA, 2015<\/li>\n<li><strong>Evidence-based levels, guidelines and recommendations in interventional spine treatments according to clinical diagnosis<\/strong>, ECR, Vienna, 2016<\/li>\n<\/ul>\n<p>[\/et_pb_text][et_pb_text _builder_version=&#8221;4.22.1&#8243; _module_preset=&#8221;_initial&#8221; hover_enabled=&#8221;0&#8243; global_colors_info=&#8221;{}&#8221; theme_builder_area=&#8221;post_content&#8221; custom_padding=&#8221;0px||2em||false|false&#8221; sticky_enabled=&#8221;0&#8243;]<\/p>\n<h2><strong>Quality Storyboard<\/strong><\/h2>\n<ul>\n<li><strong>Multicenter implementation of a CT scanner dose excellence program based on clinical indication, BMI and diagnostic image quality assessment<\/strong>. RSNA, Chicago 2017<\/li>\n<li><strong>Minimizing patient-to-patient liver enhancement variability while personalizing iodine load delivery: a multicenter multivendor study<\/strong>. RSNA, Chicago 2020<\/li>\n<\/ul>\n<p>[\/et_pb_text][\/et_pb_column][\/et_pb_row][\/et_pb_section]<\/p>\n","protected":false},"excerpt":{"rendered":"<p>Posters Int\u00e9r\u00eat de la fluoroscopie multicoupe sous CT dans le traitement des conflits disco- radiculaires par nucl\u00e9otomie percutan\u00e9e au laser (poster). JFR, Paris, France, October 2003 Nucl\u00e9otomie percutan\u00e9e par laser sous guidage CT: \u00e9valuation prospective clinique. JFR, Paris, France, October 2003 Evaluation prospective de l\u2019imagerie des protrusions discales apr\u00e8s nucl\u00e9otomie percutan\u00e9e au laser: r\u00e9sultats pr\u00e9liminaires. [&hellip;]<\/p>\n","protected":false},"author":1,"featured_media":0,"parent":56,"menu_order":2,"comment_status":"closed","ping_status":"closed","template":"","meta":{"_et_pb_use_builder":"on","_et_pb_old_content":"<p>\u00a0<\/p><p>\u00a0<\/p>","_et_gb_content_width":"","footnotes":""},"class_list":["post-172","page","type-page","status-publish","hentry"],"_links":{"self":[{"href":"https:\/\/hugues-brat.ch\/en\/wp-json\/wp\/v2\/pages\/172","targetHints":{"allow":["GET"]}}],"collection":[{"href":"https:\/\/hugues-brat.ch\/en\/wp-json\/wp\/v2\/pages"}],"about":[{"href":"https:\/\/hugues-brat.ch\/en\/wp-json\/wp\/v2\/types\/page"}],"author":[{"embeddable":true,"href":"https:\/\/hugues-brat.ch\/en\/wp-json\/wp\/v2\/users\/1"}],"replies":[{"embeddable":true,"href":"https:\/\/hugues-brat.ch\/en\/wp-json\/wp\/v2\/comments?post=172"}],"version-history":[{"count":9,"href":"https:\/\/hugues-brat.ch\/en\/wp-json\/wp\/v2\/pages\/172\/revisions"}],"predecessor-version":[{"id":1115,"href":"https:\/\/hugues-brat.ch\/en\/wp-json\/wp\/v2\/pages\/172\/revisions\/1115"}],"up":[{"embeddable":true,"href":"https:\/\/hugues-brat.ch\/en\/wp-json\/wp\/v2\/pages\/56"}],"wp:attachment":[{"href":"https:\/\/hugues-brat.ch\/en\/wp-json\/wp\/v2\/media?parent=172"}],"curies":[{"name":"wp","href":"https:\/\/api.w.org\/{rel}","templated":true}]}}