{"id":170,"date":"2023-01-27T17:26:40","date_gmt":"2023-01-27T17:26:28","guid":{"rendered":"https:\/\/hugues-brat.ch\/publications-2\/"},"modified":"2023-09-05T05:26:25","modified_gmt":"2023-09-05T05:26:25","slug":"publications","status":"publish","type":"page","link":"https:\/\/hugues-brat.ch\/en\/ressources\/publications\/","title":{"rendered":"Publications"},"content":{"rendered":"<p>[et_pb_section fb_built=&#8221;1&#8243; admin_label=&#8221;Header&#8221; _builder_version=&#8221;4.22.1&#8243; _module_preset=&#8221;014e8a19-e138-4989-8094-1b00d3baafa2&#8243; global_colors_info=&#8221;{}&#8221; theme_builder_area=&#8221;post_content&#8221; hover_enabled=&#8221;0&#8243; sticky_enabled=&#8221;0&#8243;][et_pb_row _builder_version=&#8221;4.19.5&#8243; _module_preset=&#8221;default&#8221; global_colors_info=&#8221;{}&#8221; theme_builder_area=&#8221;post_content&#8221;][et_pb_column type=&#8221;4_4&#8243; _builder_version=&#8221;4.19.5&#8243; _module_preset=&#8221;default&#8221; global_colors_info=&#8221;{}&#8221; theme_builder_area=&#8221;post_content&#8221;][et_pb_text _builder_version=&#8221;4.19.5&#8243; _dynamic_attributes=&#8221;content&#8221; _module_preset=&#8221;eec9327d-1b46-4117-82f7-d7b840a6efec&#8221; global_colors_info=&#8221;{}&#8221; theme_builder_area=&#8221;post_content&#8221;]@ET-DC@eyJkeW5hbWljIjp0cnVlLCJjb250ZW50IjoicG9zdF90aXRsZSIsInNldHRpbmdzIjp7ImJlZm9yZSI6IjxoMT4iLCJhZnRlciI6IjwvaDE+In19@[\/et_pb_text][\/et_pb_column][\/et_pb_row][\/et_pb_section][et_pb_section fb_built=&#8221;1&#8243; admin_label=&#8221;section&#8221; _builder_version=&#8221;4.16&#8243; locked=&#8221;off&#8221; global_colors_info=&#8221;{}&#8221; theme_builder_area=&#8221;post_content&#8221;][et_pb_row admin_label=&#8221;row&#8221; _builder_version=&#8221;4.16&#8243; global_colors_info=&#8221;{}&#8221; theme_builder_area=&#8221;post_content&#8221;][et_pb_column type=&#8221;4_4&#8243; _builder_version=&#8221;4.16&#8243; custom_padding=&#8221;|||&#8221; global_colors_info=&#8221;{}&#8221; custom_padding__hover=&#8221;|||&#8221; theme_builder_area=&#8221;post_content&#8221;][et_pb_text _builder_version=&#8221;4.22.1&#8243; _module_preset=&#8221;_initial&#8221; hover_enabled=&#8221;0&#8243; global_colors_info=&#8221;{}&#8221; theme_builder_area=&#8221;post_content&#8221; custom_padding=&#8221;||2em||false|false&#8221; sticky_enabled=&#8221;0&#8243;]<\/p>\n<h2><strong>Publications<\/strong><\/h2>\n<ul>\n<li>Case report: <strong>Camurati-Engelmann Disease: report of a late and sporadic case with metaphyseal involvement.<\/strong> Eur. Radiol. 1999: 9 (1): 159-162<\/li>\n<li>Original article: <strong>Chondromyxoid fibroma of the sacrum.<\/strong> Eur. Radiol. 1999: 9 (9): 1800- 1803<\/li>\n<li><strong>Imagerie ost\u00e9o-articulaire aux Urgences. M\u00e9decine aigu\u00eb 2003,<\/strong> Volume 16<\/li>\n<li><strong>Percutaneous laser disc decompression under triple fluoro-CT guidance: precision and safety.<\/strong> Lasers in Medical Science, 2004<\/li>\n<li><strong>Changes in Disc Herniations after CT-guided Percutaneous Laser Disc Decompression (PLDD): MR findings.<\/strong> Lasers in Medical Science, 2004<\/li>\n<li><strong>Benefits of multislice CT-fluoroscopy needle guidance in Percutaneous Laser Disc Decompression (PLDD).<\/strong> Lasers in Medical Science, 2004<\/li>\n<li><strong>Tomodensitom\u00e9trie interventionnelle: \u00e9quipement et technique. In Imagerie des nerfs p\u00e9riph\u00e9rique<\/strong>, Sauramps M\u00e9dical, 2004<\/li>\n<li><strong>Tomodensitom\u00e9trie interventionnelle: infiltrations p\u00e9ridurales et p\u00e9riradiculaires. In Imagerie des nerfs p\u00e9riph\u00e9riques<\/strong>, Sauramps M\u00e9dical, 2004<\/li>\n<li><strong>Tomodensitom\u00e9trie interventionnelle: neurolyses et infiltrations p\u00e9rivert\u00e9brales. In Imagerie des nerfs p\u00e9riph\u00e9rique<\/strong>, Sauramps M\u00e9dical, 2004<\/li>\n<li><strong>Imagerie interventionnelle par CT Fluoroscopie: technique et proc\u00e9dures basiques<\/strong>. Visions Magazine, Toshiba Medical Systems, 2005<\/li>\n<li><strong>CT fluoroscopy guided spinal procedures. Basic Procedures<\/strong>, Visions Magazine, Toshiba Medical Systems, 2005<\/li>\n<li><strong>CT fluoroscopy guided spinal procedures, Advances Procedures,<\/strong> Visions Magazine, Toshiba Medical Systems, 2006<\/li>\n<li><strong>CT fluoroscopy guided spinal procedures<\/strong>, Diagnostic Imaging Europe, August\/September 2007<\/li>\n<li>Book chapter:<strong> Imagerie interventionnelle rachidienne Clinique, in: Imagerie de la colonne vert\u00e9brale et de la moelle \u00e9pini\u00e8re<\/strong>, 3\u00e8me \u00e9dition, Fr\u00e9d\u00e9ric Lecouvet et al, 2017, Elsevier Masson.<\/li>\n<li>Original article: <strong>Local Clinical Diagnostic Reference Levels for chest and abdomen CT examinations in adults as a function of body mass index and clinical indication: a prospective multicenter study<\/strong>. 2019 European Radiology, DOI: 10.1007\/s00330-019- 06257-x<\/li>\n<li><strong>Dhrangadhariya A, Millius S, Thouly C, Rizk B, Fournier D, M\u00fcller H, Brat H. Automating Quality Control for Structured Standardized Radiology Reports Using Text Analysis<\/strong>. Stud Health Technol Inform. 2020 Jun 16;270:58-62. doi: 10.3233\/SHTI200122. PMID: 32570346.<\/li>\n<li>Rizk B, Brat H, Zille P, Guillin R, Pouchy C, Adam C, Ardon R, d&#8217;Assignies G. <strong>Meniscal lesion detection and characterization in adult knee MRI: A deep learning model approach with external validation<\/strong>. Phys Med. 2021 Mar 11;83:64-71. doi : 10.1016\/j.ejmp.2021.02.010. Epub ahead of print. PMID: 33714850.<\/li>\n<li>Zanca F, Brat HG, Pujadas P, Racine D, Dufour B, Fournier D, Rizk B. <strong>Prospective multicenter study on personalized and optimized MDCT contrast protocols: results on liver enhancement<\/strong>. Eur Radiol. 2021 Nov;31(11):8236-8245. doi: 10.1007\/s00330-021-07953-<br \/>3. Epub 2021 Apr 29. PMID: 33914115.<\/li>\n<li>Racine D, Brat HG, Dufour B, Steity JM, Hussenot M, Rizk B, Fournier D, Zanca F. <strong>Image texture, low contrast liver lesion detectability and impact on dose: Deep learning algorithm compared to partial model-based iterative reconstruction<\/strong>. Eur J Radiol. 2021 Aug;141:109808. doi: 10.1016\/j.ejrad.2021.109808. Epub 2021 Jun 3. PMID: 34120010.<\/li>\n<li>Tran A, Lassalle L, Zille P, Guillin R, Pluot E, Adam C, Charachon M, Brat H, Wallaert M, d&#8217;Assignies G, Rizk B. <strong>Deep learning to detect anterior cruciate ligament tear on knee MRI: multi-continental external validation<\/strong>. Eur Radiol. 2022 Jun 21. doi: 10.1007\/s00330- 022-08923-z. Epub ahead of print. PMID: 35726103.<\/li>\n<li>Damilakis J, Frija G, Brkljacic B, Vano E, Loose R, Paulo G, Brat H, Tsapaki V, <strong>How to establish and use local Diagnostic Reference Levels, Insights into Imaging<\/strong>, in press.<\/li>\n<\/ul>\n<p>[\/et_pb_text][\/et_pb_column][\/et_pb_row][\/et_pb_section]<\/p>\n","protected":false},"excerpt":{"rendered":"<p>Publications Case report: Camurati-Engelmann Disease: report of a late and sporadic case with metaphyseal involvement. Eur. Radiol. 1999: 9 (1): 159-162 Original article: Chondromyxoid fibroma of the sacrum. Eur. Radiol. 1999: 9 (9): 1800- 1803 Imagerie ost\u00e9o-articulaire aux Urgences. M\u00e9decine aigu\u00eb 2003, Volume 16 Percutaneous laser disc decompression under triple fluoro-CT guidance: precision and safety. [&hellip;]<\/p>\n","protected":false},"author":1,"featured_media":0,"parent":56,"menu_order":0,"comment_status":"closed","ping_status":"closed","template":"","meta":{"_et_pb_use_builder":"on","_et_pb_old_content":"<p>\u00a0<\/p><p>\u00a0<\/p>","_et_gb_content_width":"","footnotes":""},"class_list":["post-170","page","type-page","status-publish","hentry"],"_links":{"self":[{"href":"https:\/\/hugues-brat.ch\/en\/wp-json\/wp\/v2\/pages\/170","targetHints":{"allow":["GET"]}}],"collection":[{"href":"https:\/\/hugues-brat.ch\/en\/wp-json\/wp\/v2\/pages"}],"about":[{"href":"https:\/\/hugues-brat.ch\/en\/wp-json\/wp\/v2\/types\/page"}],"author":[{"embeddable":true,"href":"https:\/\/hugues-brat.ch\/en\/wp-json\/wp\/v2\/users\/1"}],"replies":[{"embeddable":true,"href":"https:\/\/hugues-brat.ch\/en\/wp-json\/wp\/v2\/comments?post=170"}],"version-history":[{"count":5,"href":"https:\/\/hugues-brat.ch\/en\/wp-json\/wp\/v2\/pages\/170\/revisions"}],"predecessor-version":[{"id":1113,"href":"https:\/\/hugues-brat.ch\/en\/wp-json\/wp\/v2\/pages\/170\/revisions\/1113"}],"up":[{"embeddable":true,"href":"https:\/\/hugues-brat.ch\/en\/wp-json\/wp\/v2\/pages\/56"}],"wp:attachment":[{"href":"https:\/\/hugues-brat.ch\/en\/wp-json\/wp\/v2\/media?parent=170"}],"curies":[{"name":"wp","href":"https:\/\/api.w.org\/{rel}","templated":true}]}}